{"id":14,"date":"2019-11-22T09:19:46","date_gmt":"2019-11-22T08:19:46","guid":{"rendered":"https:\/\/www.kindermusik-augsburg.de\/?page_id=14"},"modified":"2026-03-21T10:56:00","modified_gmt":"2026-03-21T09:56:00","slug":"1st-music-kids","status":"publish","type":"page","link":"https:\/\/www.kindermusik-augsburg.de\/index.php\/1st-music-kids\/","title":{"rendered":"1st MUSIC KIDs"},"content":{"rendered":"\n<h1 class=\"wp-block-heading\">1st MUSIC KIDS<\/h1>\n\n\n\n<p>Orientierungskurs mit vier Instrumenten f\u00fcr Kinder zwischen 4 1\/2 und 7 Jahren<\/p>\n\n\n\n<p>Mittwoch, 16. September 2026, 15:30-16:15 Uhr &#8211; leider bereits ausgebucht &#8211;<\/p>\n\n\n\n<p>16 x 45 min, 192 \u20ac, zzgl. Leihgeb\u00fchr f\u00fcr Instrumente (2,50 \u20ac\/Woche)<\/p>\n\n\n\n<p>Kursleitung: Christiane S\u00e1ndor<\/p>\n\n\n\n<p>Der 1st MUSIC KIDS Orientierungskurs ist die ideale Fortsetzung des Musikgartens bzw. der musikalischen Fr\u00fcherziehung und bereitet auf den Instrumentalunterricht vor. Zu jedem Instrument erlernen die Kinder spielerisch erste Grundlagen, erste T\u00f6ne und Liedchen. Zudem erhalten sie Einblicke in die Notenschrift.<\/p>\n\n\n\n<p>Voraussetzung ist die Bereitschaft der Kinder, kleine Hausaufgaben zu erledigen und die Bereitschaft der Eltern, ihre Kinder darin zu unterst\u00fctzen. Zudem sollte den Kindern bewusst sein, dass dieser Kurs keine reine Spielstunde ist, sondern dass das Erlernen von Instrumenten Konzentration und Durchhalteverm\u00f6gen erfordert. F\u00fcr die Kinder zwischen 5 und 6 Jahren sind 15min Konzentrationsf\u00e4higkeit ein guter Ausgangspunkt.<\/p>\n\n\n\n<div class=\"wp-block-columns is-layout-flex wp-container-core-columns-is-layout-9d6595d7 wp-block-columns-is-layout-flex\">\n<div class=\"wp-block-column is-layout-flow wp-block-column-is-layout-flow\">\n<figure class=\"wp-block-image size-large is-resized\"><img loading=\"lazy\" decoding=\"async\" width=\"585\" height=\"635\" src=\"http:\/\/192.168.121.11:9032\/wp-content\/uploads\/2019\/12\/Ukulele-Kind.jpg\" alt=\"\" class=\"wp-image-193\" style=\"width:194px;height:213px\" srcset=\"https:\/\/www.kindermusik-augsburg.de\/wp-content\/uploads\/2019\/12\/Ukulele-Kind.jpg 585w, https:\/\/www.kindermusik-augsburg.de\/wp-content\/uploads\/2019\/12\/Ukulele-Kind-276x300.jpg 276w\" sizes=\"auto, (max-width: 585px) 100vw, 585px\" \/><\/figure>\n<\/div>\n\n\n\n<div class=\"wp-block-column is-layout-flow wp-block-column-is-layout-flow\">\n<figure class=\"wp-block-image size-large is-resized\"><img loading=\"lazy\" decoding=\"async\" width=\"1024\" height=\"831\" src=\"http:\/\/192.168.121.11:9032\/wp-content\/uploads\/2019\/12\/5erSet-1stMUSIC-Instrumente-mit-Logo-1024x831-1.jpg\" alt=\"Instrumente\" class=\"wp-image-192\" style=\"width:250px;height:202px\" srcset=\"https:\/\/www.kindermusik-augsburg.de\/wp-content\/uploads\/2019\/12\/5erSet-1stMUSIC-Instrumente-mit-Logo-1024x831-1.jpg 1024w, https:\/\/www.kindermusik-augsburg.de\/wp-content\/uploads\/2019\/12\/5erSet-1stMUSIC-Instrumente-mit-Logo-1024x831-1-300x243.jpg 300w, https:\/\/www.kindermusik-augsburg.de\/wp-content\/uploads\/2019\/12\/5erSet-1stMUSIC-Instrumente-mit-Logo-1024x831-1-768x623.jpg 768w, https:\/\/www.kindermusik-augsburg.de\/wp-content\/uploads\/2019\/12\/5erSet-1stMUSIC-Instrumente-mit-Logo-1024x831-1-370x300.jpg 370w\" sizes=\"auto, (max-width: 1024px) 100vw, 1024px\" \/><\/figure>\n<\/div>\n<\/div>\n","protected":false},"excerpt":{"rendered":"<p>1st MUSIC KIDS Orientierungskurs mit vier Instrumenten f\u00fcr Kinder zwischen 4 1\/2 und 7 Jahren Mittwoch, 16. September 2026, 15:30-16:15 Uhr &#8211; leider bereits ausgebucht &#8211; 16 x 45 min, 192 \u20ac, zzgl. Leihgeb\u00fchr f\u00fcr Instrumente (2,50 \u20ac\/Woche) Kursleitung: Christiane &hellip; <a href=\"https:\/\/www.kindermusik-augsburg.de\/index.php\/1st-music-kids\/\">Continue reading <span class=\"meta-nav\">&rarr;<\/span><\/a><\/p>\n","protected":false},"author":1,"featured_media":0,"parent":0,"menu_order":0,"comment_status":"closed","ping_status":"closed","template":"","meta":{"footnotes":""},"class_list":["post-14","page","type-page","status-publish","hentry"],"_links":{"self":[{"href":"https:\/\/www.kindermusik-augsburg.de\/index.php\/wp-json\/wp\/v2\/pages\/14","targetHints":{"allow":["GET"]}}],"collection":[{"href":"https:\/\/www.kindermusik-augsburg.de\/index.php\/wp-json\/wp\/v2\/pages"}],"about":[{"href":"https:\/\/www.kindermusik-augsburg.de\/index.php\/wp-json\/wp\/v2\/types\/page"}],"author":[{"embeddable":true,"href":"https:\/\/www.kindermusik-augsburg.de\/index.php\/wp-json\/wp\/v2\/users\/1"}],"replies":[{"embeddable":true,"href":"https:\/\/www.kindermusik-augsburg.de\/index.php\/wp-json\/wp\/v2\/comments?post=14"}],"version-history":[{"count":85,"href":"https:\/\/www.kindermusik-augsburg.de\/index.php\/wp-json\/wp\/v2\/pages\/14\/revisions"}],"predecessor-version":[{"id":1137,"href":"https:\/\/www.kindermusik-augsburg.de\/index.php\/wp-json\/wp\/v2\/pages\/14\/revisions\/1137"}],"wp:attachment":[{"href":"https:\/\/www.kindermusik-augsburg.de\/index.php\/wp-json\/wp\/v2\/media?parent=14"}],"curies":[{"name":"wp","href":"https:\/\/api.w.org\/{rel}","templated":true}]}}