{"id":17,"date":"2019-11-22T09:19:46","date_gmt":"2019-11-22T08:19:46","guid":{"rendered":"https:\/\/www.kindermusik-augsburg.de\/?page_id=17"},"modified":"2024-07-04T07:16:20","modified_gmt":"2024-07-04T05:16:20","slug":"ablauf-einer-musikgarten-stunde","status":"publish","type":"page","link":"https:\/\/www.kindermusik-augsburg.de\/index.php\/ablauf-einer-musikgarten-stunde\/","title":{"rendered":"Ablauf einer Musikgarten-Stunde"},"content":{"rendered":"\n<p>Die Musikgarten-Stunde ist aus verschiedenen Elementen aufgebaut:<\/p>\n\n\n\n<ul class=\"wp-block-list\"><li>Das immer gleiche <strong>Begr\u00fc\u00dfungs- und Abschiedslied<\/strong> spricht jedes Kind<br> pers\u00f6nlich an und schenkt jedem seine individuelle Aufmerksamkeit und Wertsch\u00e4tzung.<\/li><li><strong>Kniereiter und T\u00e4nze<\/strong> schulen sowohl das Rhythmusgef\u00fchl als auch den Gleichgewichtssinn des Kindes.<\/li><li><strong>Lieder und Reime<\/strong>, bei denen die Kleinen ihren Eltern schon sehr genau auf die Lippen schauen, f\u00f6rdern die Sprachentwicklung.<\/li><li><strong>Echospiele<\/strong> machen den Kindern die kleinsten Bausteine der Musik, Motive genannt, verst\u00e4ndlich. So wie die Sprache aus einzelnen W\u00f6rtern zusammengesetzt ist, ist die Musik aus einzelnen Motiven aufgebaut.<\/li><li>Der Umgang mit einfachen Instrumenten wie <strong>Klangh\u00f6lzern, Rasseln, Gl\u00f6ckchen, Handtrommeln<\/strong> oder <strong>Schl\u00e4gel\/Klangst\u00e4ben<\/strong> unterst\u00fctzt die feinmotorische Ausbildung, den Tastsinn, das Geh\u00f6r sowie das Rhythmusgef\u00fchl.<\/li><\/ul>\n\n\n\n<div class=\"wp-block-image\"><figure class=\"alignright size-large is-resized\"><img loading=\"lazy\" decoding=\"async\" src=\"http:\/\/192.168.121.11:9032\/wp-content\/uploads\/2019\/11\/IMG-20181115-WA0012-1024x768.jpg\" alt=\"\" class=\"wp-image-90\" width=\"243\" height=\"186\"\/><\/figure><\/div>\n\n\n\n<p>Viele Elemente der Musikgarten-Stunde kehren immer wieder oder werden variiert. Der Wiedererkennungseffekt stellt sich bei den Kindern schnell ein: Er l\u00f6st Freude aus, die Kinder beginnen zu klatschen, mitzusingen oder sich zur Musik zu bewegen.<\/p>\n\n\n\n<figure class=\"wp-block-image size-large is-resized\"><img loading=\"lazy\" decoding=\"async\" src=\"http:\/\/192.168.121.11:9032\/wp-content\/uploads\/2019\/11\/IMG-20181115-WA0027-1024x768.jpg\" alt=\"\" class=\"wp-image-94\" width=\"243\" height=\"186\"\/><\/figure>\n","protected":false},"excerpt":{"rendered":"<p>Die Musikgarten-Stunde ist aus verschiedenen Elementen aufgebaut: Das immer gleiche Begr\u00fc\u00dfungs- und Abschiedslied spricht jedes Kind pers\u00f6nlich an und schenkt jedem seine individuelle Aufmerksamkeit und Wertsch\u00e4tzung. Kniereiter und T\u00e4nze schulen sowohl das Rhythmusgef\u00fchl als auch den Gleichgewichtssinn des Kindes. Lieder &hellip; <a href=\"https:\/\/www.kindermusik-augsburg.de\/index.php\/ablauf-einer-musikgarten-stunde\/\">Continue reading <span class=\"meta-nav\">&rarr;<\/span><\/a><\/p>\n","protected":false},"author":1,"featured_media":0,"parent":0,"menu_order":0,"comment_status":"closed","ping_status":"closed","template":"","meta":{"footnotes":""},"class_list":["post-17","page","type-page","status-publish","hentry"],"_links":{"self":[{"href":"https:\/\/www.kindermusik-augsburg.de\/index.php\/wp-json\/wp\/v2\/pages\/17","targetHints":{"allow":["GET"]}}],"collection":[{"href":"https:\/\/www.kindermusik-augsburg.de\/index.php\/wp-json\/wp\/v2\/pages"}],"about":[{"href":"https:\/\/www.kindermusik-augsburg.de\/index.php\/wp-json\/wp\/v2\/types\/page"}],"author":[{"embeddable":true,"href":"https:\/\/www.kindermusik-augsburg.de\/index.php\/wp-json\/wp\/v2\/users\/1"}],"replies":[{"embeddable":true,"href":"https:\/\/www.kindermusik-augsburg.de\/index.php\/wp-json\/wp\/v2\/comments?post=17"}],"version-history":[{"count":4,"href":"https:\/\/www.kindermusik-augsburg.de\/index.php\/wp-json\/wp\/v2\/pages\/17\/revisions"}],"predecessor-version":[{"id":863,"href":"https:\/\/www.kindermusik-augsburg.de\/index.php\/wp-json\/wp\/v2\/pages\/17\/revisions\/863"}],"wp:attachment":[{"href":"https:\/\/www.kindermusik-augsburg.de\/index.php\/wp-json\/wp\/v2\/media?parent=17"}],"curies":[{"name":"wp","href":"https:\/\/api.w.org\/{rel}","templated":true}]}}