{"id":33,"date":"2019-11-22T09:19:46","date_gmt":"2019-11-22T08:19:46","guid":{"rendered":"https:\/\/www.kindermusik-augsburg.de\/?page_id=33"},"modified":"2019-12-16T08:57:00","modified_gmt":"2019-12-16T07:57:00","slug":"impressum","status":"publish","type":"page","link":"https:\/\/www.kindermusik-augsburg.de\/index.php\/impressum\/","title":{"rendered":"Impressum"},"content":{"rendered":"\n<h2 class=\"wp-block-heading\">Verantwortlich f\u00fcr den Inhalt:<\/h2>\n\n\n\n<p>Christiane S\u00e1ndor M.A.<br>Willi-Weise-Str. 15<br>D-86157 Augsburg<\/p>\n\n\n\n<p>\u00a9 Alle Bilder und Texte sind urheberrechtlich gesch\u00fctzt.<\/p>\n\n\n\n<p>Fotoquellen: Institut f\u00fcr elementare Musikerziehung Mainz, 1st MUSIC Academy K\u00f6nig, Maja Braunwalder, private Bilder<\/p>\n\n\n\n<p><em>1. Urheber- und Kennzeichenrecht<\/em><br>Das Copyright f\u00fcr ver\u00f6ffentlichte, vom Anbieter selbst erstellte Objekte bleibt allein beim Anbieter der Seiten. Eine Vervielf\u00e4ltigung oder Verwendung solcher Grafiken, Tondokumente, Videosequenzen und Texte in anderen elektronischen oder gedruckten Publikationen ist ohne ausdr\u00fcckliche Zustimmung des Anbieters nicht gestattet.<\/p>\n\n\n\n<p>Der Anbieter ist bestrebt, in allen Publikationen die Urheberrechte der verwendeten Grafiken, Tondokumente, Videosequenzen und Texte zu beachten, von ihm selbst erstellte Grafiken, Tondokumente, Videosequenzen und Texte zu nutzen oder auf lizenzfreie Grafiken, Tondokumente, Videosequenzen und Texte zur\u00fcckzugreifen. Alle innerhalb des Internetangebotes genannten und ggf. durch Dritte gesch\u00fctzten Marken- und Warenzeichen unterliegen uneingeschr\u00e4nkt den Bestimmungen des jeweils g\u00fcltigen Kennzeichenrechts und den Besitzrechten der jeweiligen eingetragenen Eigent\u00fcmer. Allein aufgrund der blo\u00dfen Nennung ist nicht der Schluss zu ziehen, dass Markenzeichen nicht durch Rechte Dritter gesch\u00fctzt sind.<\/p>\n\n\n\n<p><em>2. Datenschutz<\/em><br>Sofern innerhalb des Internetangebotes die M\u00f6glichkeit zur Eingabe pers\u00f6nlicher oder gesch\u00e4ftlicher Daten (Emailadressen, Namen, Anschriften) besteht, so erfolgt die Preisgabe dieser Daten seitens des Nutzers auf ausdr\u00fccklich freiwilliger Basis. Die Inanspruchnahme und Bezahlung aller angebotenen Dienste ist &#8211; soweit technisch m\u00f6glich und zumutbar &#8211; auch ohne Angabe solcher Daten bzw. unter Angabe anonymisierter Daten oder eines Pseudonyms gestattet.<\/p>\n\n\n\n<p><em>3. Rechtswirksamkeit dieses Haftungsausschlusses<\/em><br>Dieser Haftungsausschluss ist als Teil des Internetangebotes zu betrachten, von dem aus auf diese Seite verwiesen wurde. Sofern Teile oder einzelne Formulierungen dieses Textes der geltenden Rechtslage nicht, nicht mehr oder nicht vollst\u00e4ndig entsprechen sollten, bleiben die \u00fcbrigen Teile des Dokumentes in ihrem Inhalt und ihrer G\u00fcltigkeit davon unber\u00fchrt.<\/p>\n","protected":false},"excerpt":{"rendered":"<p>Verantwortlich f\u00fcr den Inhalt: Christiane S\u00e1ndor M.A.Willi-Weise-Str. 15D-86157 Augsburg \u00a9 Alle Bilder und Texte sind urheberrechtlich gesch\u00fctzt. Fotoquellen: Institut f\u00fcr elementare Musikerziehung Mainz, 1st MUSIC Academy K\u00f6nig, Maja Braunwalder, private Bilder 1. Urheber- und KennzeichenrechtDas Copyright f\u00fcr ver\u00f6ffentlichte, vom Anbieter &hellip; <a href=\"https:\/\/www.kindermusik-augsburg.de\/index.php\/impressum\/\">Continue reading <span class=\"meta-nav\">&rarr;<\/span><\/a><\/p>\n","protected":false},"author":1,"featured_media":0,"parent":0,"menu_order":0,"comment_status":"closed","ping_status":"closed","template":"","meta":{"footnotes":""},"class_list":["post-33","page","type-page","status-publish","hentry"],"_links":{"self":[{"href":"https:\/\/www.kindermusik-augsburg.de\/index.php\/wp-json\/wp\/v2\/pages\/33","targetHints":{"allow":["GET"]}}],"collection":[{"href":"https:\/\/www.kindermusik-augsburg.de\/index.php\/wp-json\/wp\/v2\/pages"}],"about":[{"href":"https:\/\/www.kindermusik-augsburg.de\/index.php\/wp-json\/wp\/v2\/types\/page"}],"author":[{"embeddable":true,"href":"https:\/\/www.kindermusik-augsburg.de\/index.php\/wp-json\/wp\/v2\/users\/1"}],"replies":[{"embeddable":true,"href":"https:\/\/www.kindermusik-augsburg.de\/index.php\/wp-json\/wp\/v2\/comments?post=33"}],"version-history":[{"count":3,"href":"https:\/\/www.kindermusik-augsburg.de\/index.php\/wp-json\/wp\/v2\/pages\/33\/revisions"}],"predecessor-version":[{"id":216,"href":"https:\/\/www.kindermusik-augsburg.de\/index.php\/wp-json\/wp\/v2\/pages\/33\/revisions\/216"}],"wp:attachment":[{"href":"https:\/\/www.kindermusik-augsburg.de\/index.php\/wp-json\/wp\/v2\/media?parent=33"}],"curies":[{"name":"wp","href":"https:\/\/api.w.org\/{rel}","templated":true}]}}